{"id":142,"date":"2020-02-24T14:01:31","date_gmt":"2020-02-24T14:01:31","guid":{"rendered":"https:\/\/demosites.io\/lawyers-gb\/?page_id=142"},"modified":"2024-02-22T16:29:29","modified_gmt":"2024-02-22T19:29:29","slug":"home","status":"publish","type":"page","link":"https:\/\/guillermodragotto.com\/","title":{"rendered":"Home"},"content":{"rendered":"\n<figure class=\"wp-block-image alignfull size-large\"><img loading=\"lazy\" decoding=\"async\" width=\"1024\" height=\"439\" src=\"http:\/\/guillermodragotto.com\/wp-content\/uploads\/2024\/02\/bannerchico-1024x439.png\" alt=\"\" class=\"wp-image-574\" srcset=\"https:\/\/guillermodragotto.com\/wp-content\/uploads\/2024\/02\/bannerchico-1024x439.png 1024w, https:\/\/guillermodragotto.com\/wp-content\/uploads\/2024\/02\/bannerchico-300x129.png 300w, https:\/\/guillermodragotto.com\/wp-content\/uploads\/2024\/02\/bannerchico-768x329.png 768w, https:\/\/guillermodragotto.com\/wp-content\/uploads\/2024\/02\/bannerchico.png 1459w\" sizes=\"(max-width: 1024px) 100vw, 1024px\" \/><\/figure>\n\n\n\n<div class=\"wp-block-group alignwide is-layout-constrained wp-block-group-is-layout-constrained\"><div class=\"wp-block-group__inner-container\">\n<div class=\"wp-block-columns is-layout-flex wp-container-core-columns-layout-1 wp-block-columns-is-layout-flex\">\n<div class=\"wp-block-column is-vertically-aligned-bottom is-layout-flow wp-block-column-is-layout-flow\" style=\"flex-basis:100%\">\n<div style=\"height:45px\" aria-hidden=\"true\" class=\"wp-block-spacer\"><\/div>\n<\/div>\n<\/div>\n<\/div><\/div>\n\n\n\n<h1 class=\"wp-block-heading has-text-align-center\">Estudio Jur\u00eddico Penalista<\/h1>\n\n\n\n<div class=\"wp-block-group alignwide is-layout-constrained wp-block-group-is-layout-constrained\"><div class=\"wp-block-group__inner-container\">\n<div class=\"wp-block-columns alignwide are-vertically-aligned-center is-layout-flex wp-container-core-columns-layout-2 wp-block-columns-is-layout-flex\">\n<div class=\"wp-block-column is-vertically-aligned-center is-layout-flow wp-block-column-is-layout-flow\" style=\"flex-basis:100%\">\n<h3 id=\"wp-block-themeisle-blocks-advanced-heading-97106faf\" class=\"wp-block-themeisle-blocks-advanced-heading wp-block-themeisle-blocks-advanced-heading-97106faf\">Nuestro compromiso es brindar un servicio de calidad dentro del derecho penal, enfocado en alcanzar la mayor optimizaci\u00f3n de los resultados y el acompa\u00f1amiento total de nuestros clientes.<\/h3>\n\n\n\n<div class=\"wp-block-group is-layout-flow wp-block-group-is-layout-flow\"><div class=\"wp-block-group__inner-container\">\n<div class=\"wp-block-buttons is-content-justification-center is-layout-flex wp-container-core-buttons-layout-1 wp-block-buttons-is-layout-flex\">\n<div class=\"wp-block-button is-style-primary\"><a class=\"wp-block-button__link wp-element-button\" href=\"https:\/\/guillermodragotto.com\/?page_id=161\">Conocer el Estudio<\/a><\/div>\n<\/div>\n<\/div><\/div>\n\n\n\n<div style=\"height:48px\" aria-hidden=\"true\" class=\"wp-block-spacer\"><\/div>\n<\/div>\n<\/div>\n<\/div><\/div>\n\n\n<div class=\"wp-block-image\">\n<figure class=\"aligncenter size-large is-resized\"><img loading=\"lazy\" decoding=\"async\" width=\"1024\" height=\"614\" src=\"http:\/\/guillermodragotto.com\/wp-content\/uploads\/2024\/02\/estudio-1024x614.png\" alt=\"\" class=\"wp-image-564\" style=\"width:1169px;height:auto\" srcset=\"https:\/\/guillermodragotto.com\/wp-content\/uploads\/2024\/02\/estudio-1024x614.png 1024w, https:\/\/guillermodragotto.com\/wp-content\/uploads\/2024\/02\/estudio-300x180.png 300w, https:\/\/guillermodragotto.com\/wp-content\/uploads\/2024\/02\/estudio-768x461.png 768w, https:\/\/guillermodragotto.com\/wp-content\/uploads\/2024\/02\/estudio-1536x921.png 1536w, https:\/\/guillermodragotto.com\/wp-content\/uploads\/2024\/02\/estudio-2048x1229.png 2048w\" sizes=\"(max-width: 1024px) 100vw, 1024px\" \/><\/figure><\/div>\n\n\n<section id=\"services\" class=\"wp-block-themeisle-blocks-advanced-columns alignwide has-1-columns has-desktop-equal-layout has-tablet-equal-layout has-mobile-collapsedRows-layout has-vertical-center\"><div class=\"wp-block-themeisle-blocks-advanced-columns-overlay\"><\/div><div class=\"innerblocks-wrap\">\n<div id=\"wp-block-themeisle-blocks-advanced-column-9642dc3f\" class=\"wp-block-themeisle-blocks-advanced-column\">\n<section id=\"wp-block-themeisle-blocks-advanced-columns-c568fbc0\" class=\"wp-block-themeisle-blocks-advanced-columns has-2-columns has-desktop-equal-layout has-tablet-equal-layout has-mobile-collapsedRows-layout has-vertical-flex-start\"><div class=\"wp-block-themeisle-blocks-advanced-columns-overlay\"><\/div><div class=\"innerblocks-wrap\">\n<div id=\"wp-block-themeisle-blocks-advanced-column-645429cb\" class=\"wp-block-themeisle-blocks-advanced-column\">\n<div id=\"wp-block-themeisle-blocks-font-awesome-icons-4453cd41\" class=\"wp-block-themeisle-blocks-font-awesome-icons\"><span class=\"wp-block-themeisle-blocks-font-awesome-icons-container\"><svg xmlns=\"http:\/\/www.w3.org\/2000\/svg\" viewBox=\"0 0 1800 1800\"><path d=\"M1786.11,816.827c-0.656-2.722-1.644-5.309-2.966-7.695c0-0.009-0.004-0.017-0.004-0.017L1544.37,376.403 c-0.035-0.065-0.069-0.13-0.104-0.196l-0.052-0.091c-0.083-0.152-0.183-0.283-0.266-0.43c-0.073-0.122-0.152-0.244-0.222-0.365 c-0.252-0.426-0.504-0.861-0.782-1.283c-0.101-0.157-0.2-0.317-0.309-0.469c-0.191-0.283-0.404-0.544-0.604-0.813 c-0.287-0.4-0.578-0.8-0.892-1.187c-0.104-0.126-0.204-0.257-0.313-0.383c-0.257-0.313-0.535-0.604-0.805-0.9 c-0.296-0.331-0.587-0.657-0.896-0.974c-0.108-0.108-0.218-0.217-0.33-0.326c-0.331-0.326-0.679-0.635-1.022-0.943 c-0.282-0.256-0.556-0.517-0.848-0.761c-0.13-0.104-0.256-0.208-0.383-0.313c-0.404-0.326-0.821-0.626-1.234-0.93 c-0.261-0.188-0.504-0.387-0.773-0.57c-0.148-0.104-0.305-0.205-0.461-0.309c-0.435-0.283-0.883-0.543-1.331-0.804 c-0.112-0.069-0.226-0.144-0.339-0.209c-0.147-0.083-0.278-0.183-0.422-0.261c-0.013-0.009-0.03-0.013-0.043-0.021 c-0.17-0.092-0.344-0.179-0.514-0.266c-0.387-0.204-0.791-0.387-1.187-0.574c-0.526-0.248-1.052-0.496-1.591-0.717 c-0.356-0.148-0.727-0.27-1.092-0.4c-0.582-0.213-1.161-0.421-1.761-0.6c-0.392-0.117-0.791-0.204-1.183-0.305 c-0.47-0.121-0.931-0.265-1.408-0.36c-0.109-0.026-0.222-0.035-0.335-0.052c-0.426-0.087-0.861-0.139-1.291-0.2 c-0.487-0.078-0.975-0.174-1.461-0.222c0,0-0.03,0-0.044-0.004c-0.052,0-0.104,0-0.156-0.009c-0.521-0.048-1.052-0.061-1.583-0.087 c-0.443-0.018-0.882-0.057-1.321-0.057l-0.087-0.004h-0.087c-0.087,0-0.17,0-0.252,0H931.164V227.699 c46.116-13.509,79.902-56.168,79.902-106.597c0-61.246-49.829-111.075-111.075-111.075c-61.246,0-111.074,49.829-111.074,111.075 c0,50.433,33.794,93.097,79.919,106.605v132.3H283.351c0,0-0.061,0-0.091,0h-0.188h-0.043c-0.644,0-1.287,0.052-1.931,0.091 c-0.305,0.018-0.613,0.022-0.917,0.048c-0.757,0.07-1.509,0.191-2.257,0.313c-0.235,0.043-0.465,0.065-0.695,0.108 c-0.718,0.139-1.426,0.322-2.14,0.509c-0.27,0.074-0.548,0.13-0.817,0.209c-0.7,0.208-1.382,0.452-2.061,0.704 c-0.261,0.1-0.53,0.183-0.787,0.287c-0.635,0.261-1.248,0.548-1.865,0.843c-0.304,0.148-0.617,0.287-0.917,0.443 c-0.196,0.1-0.392,0.196-0.583,0.3c-0.013,0.009-0.031,0.013-0.043,0.021c-0.144,0.078-0.274,0.178-0.422,0.261 c-0.174,0.1-0.339,0.209-0.509,0.309c-0.369,0.222-0.743,0.435-1.1,0.67c-0.174,0.113-0.353,0.226-0.522,0.343 c-0.3,0.205-0.574,0.426-0.861,0.639c-0.37,0.274-0.743,0.535-1.1,0.826c-0.144,0.117-0.287,0.23-0.431,0.348 c-0.313,0.266-0.609,0.543-0.913,0.822c-0.313,0.278-0.626,0.556-0.926,0.852c-0.122,0.117-0.239,0.235-0.361,0.356 c-0.326,0.331-0.63,0.679-0.939,1.022c-0.248,0.274-0.504,0.543-0.739,0.831c-0.113,0.13-0.227,0.27-0.335,0.404 c-0.322,0.399-0.622,0.813-0.917,1.222c-0.191,0.256-0.387,0.5-0.565,0.765c-0.113,0.157-0.218,0.322-0.322,0.483 c-0.278,0.422-0.53,0.856-0.782,1.283c-0.078,0.13-0.156,0.256-0.235,0.387c-0.078,0.144-0.174,0.266-0.252,0.409l-0.052,0.091 c-0.035,0.065-0.069,0.131-0.104,0.196L16.864,809.11c-0.004,0.004-0.008,0.013-0.008,0.021c-1.322,2.387-2.309,4.974-2.965,7.695 c-0.587,2.418-0.9,4.861-0.905,7.296c0,0.013,0,0.026,0,0.039c0,148.932,121.162,270.094,270.092,270.094 c148.925,0,270.086-121.162,270.086-270.094c0-0.013-0.004-0.026-0.004-0.039c0-2.435-0.313-4.878-0.9-7.296 c-0.657-2.722-1.648-5.309-2.965-7.695c-0.004-0.009-0.004-0.017-0.004-0.017L335.862,422.336h532.974v933.441 c0,3.356,0.548,6.582,1.53,9.617c-116.218,12.348-208.584,96.527-226.327,205.889H434.676c-17.212,0-31.165,13.947-31.165,31.164 v156.36c0,17.208,13.952,31.164,31.165,31.164h930.643c17.213,0,31.164-13.956,31.164-31.164v-156.36 c0-17.217-13.951-31.164-31.164-31.164h-209.362c-17.747-109.361-110.109-193.533-226.323-205.889 c0.982-3.035,1.53-6.261,1.53-9.617V422.336h532.974L1250.715,809.11c0,0-0.005,0.013-0.009,0.021 c-1.317,2.387-2.309,4.974-2.965,7.695c-0.587,2.418-0.9,4.861-0.9,7.296c0,0.013-0.004,0.026-0.004,0.039 c0,148.932,121.161,270.094,270.086,270.094c148.931,0,270.092-121.162,270.092-270.094c0-0.013,0-0.026,0-0.039 C1787.01,821.688,1786.697,819.245,1786.11,816.827z M283.072,455.679l186.133,337.319H96.939L283.072,455.679z M283.077,1031.927 c-103.975,0-190.355-76.763-205.433-176.601h410.86C473.427,955.164,387.047,1031.927,283.077,1031.927z M851.245,121.103 c0-26.877,21.869-48.746,48.746-48.746c26.878,0,48.746,21.869,48.746,48.746c0,26.882-21.868,48.755-48.746,48.755 C873.114,169.857,851.245,147.984,851.245,121.103z M1334.155,1727.643H465.84v-94.031h206.333h455.65h206.332V1727.643z M1092.567,1571.283H707.428c18.704-83.589,97.532-145.187,192.567-145.187S1073.859,1487.694,1092.567,1571.283z M1703.061,792.998 h-372.266l186.133-337.319L1703.061,792.998z M1516.923,1031.927c-103.97,0-190.35-76.763-205.428-176.601h410.86 C1707.278,955.164,1620.898,1031.927,1516.923,1031.927z\"><\/path><\/svg><\/span><\/div>\n\n\n\n<h3 id=\"wp-block-themeisle-blocks-advanced-heading-21fcd68f\" class=\"wp-block-themeisle-blocks-advanced-heading wp-block-themeisle-blocks-advanced-heading-21fcd68f\">Derecho Penal<\/h3>\n\n\n\n<p class=\"has-text-align-center has-white-color has-text-color\">El derecho penal regula conductas delictivas y establece consecuencias legales para mantener el orden social. Desde delitos menores hasta cr\u00edmenes graves, los abogados especializados de nuestro estudio ofrecen asesoramiento y representaci\u00f3n, asegurando el respeto a los derechos fundamentales en el proceso judicial.<\/p>\n\n\n\n<div class=\"wp-block-buttons is-content-justification-center is-layout-flex wp-container-core-buttons-layout-2 wp-block-buttons-is-layout-flex\"><\/div>\n<\/div>\n\n\n\n<div id=\"wp-block-themeisle-blocks-advanced-column-46197171\" class=\"wp-block-themeisle-blocks-advanced-column\">\n<div id=\"wp-block-themeisle-blocks-font-awesome-icons-1e97abdd\" class=\"wp-block-themeisle-blocks-font-awesome-icons\"><span class=\"wp-block-themeisle-blocks-font-awesome-icons-container\"><svg xmlns=\"http:\/\/www.w3.org\/2000\/svg\" viewBox=\"0 0 1800 1800\"><path d=\"M1786.11,816.827c-0.656-2.722-1.644-5.309-2.966-7.695c0-0.009-0.004-0.017-0.004-0.017L1544.37,376.403 c-0.035-0.065-0.069-0.13-0.104-0.196l-0.052-0.091c-0.083-0.152-0.183-0.283-0.266-0.43c-0.073-0.122-0.152-0.244-0.222-0.365 c-0.252-0.426-0.504-0.861-0.782-1.283c-0.101-0.157-0.2-0.317-0.309-0.469c-0.191-0.283-0.404-0.544-0.604-0.813 c-0.287-0.4-0.578-0.8-0.892-1.187c-0.104-0.126-0.204-0.257-0.313-0.383c-0.257-0.313-0.535-0.604-0.805-0.9 c-0.296-0.331-0.587-0.657-0.896-0.974c-0.108-0.108-0.218-0.217-0.33-0.326c-0.331-0.326-0.679-0.635-1.022-0.943 c-0.282-0.256-0.556-0.517-0.848-0.761c-0.13-0.104-0.256-0.208-0.383-0.313c-0.404-0.326-0.821-0.626-1.234-0.93 c-0.261-0.188-0.504-0.387-0.773-0.57c-0.148-0.104-0.305-0.205-0.461-0.309c-0.435-0.283-0.883-0.543-1.331-0.804 c-0.112-0.069-0.226-0.144-0.339-0.209c-0.147-0.083-0.278-0.183-0.422-0.261c-0.013-0.009-0.03-0.013-0.043-0.021 c-0.17-0.092-0.344-0.179-0.514-0.266c-0.387-0.204-0.791-0.387-1.187-0.574c-0.526-0.248-1.052-0.496-1.591-0.717 c-0.356-0.148-0.727-0.27-1.092-0.4c-0.582-0.213-1.161-0.421-1.761-0.6c-0.392-0.117-0.791-0.204-1.183-0.305 c-0.47-0.121-0.931-0.265-1.408-0.36c-0.109-0.026-0.222-0.035-0.335-0.052c-0.426-0.087-0.861-0.139-1.291-0.2 c-0.487-0.078-0.975-0.174-1.461-0.222c0,0-0.03,0-0.044-0.004c-0.052,0-0.104,0-0.156-0.009c-0.521-0.048-1.052-0.061-1.583-0.087 c-0.443-0.018-0.882-0.057-1.321-0.057l-0.087-0.004h-0.087c-0.087,0-0.17,0-0.252,0H931.164V227.699 c46.116-13.509,79.902-56.168,79.902-106.597c0-61.246-49.829-111.075-111.075-111.075c-61.246,0-111.074,49.829-111.074,111.075 c0,50.433,33.794,93.097,79.919,106.605v132.3H283.351c0,0-0.061,0-0.091,0h-0.188h-0.043c-0.644,0-1.287,0.052-1.931,0.091 c-0.305,0.018-0.613,0.022-0.917,0.048c-0.757,0.07-1.509,0.191-2.257,0.313c-0.235,0.043-0.465,0.065-0.695,0.108 c-0.718,0.139-1.426,0.322-2.14,0.509c-0.27,0.074-0.548,0.13-0.817,0.209c-0.7,0.208-1.382,0.452-2.061,0.704 c-0.261,0.1-0.53,0.183-0.787,0.287c-0.635,0.261-1.248,0.548-1.865,0.843c-0.304,0.148-0.617,0.287-0.917,0.443 c-0.196,0.1-0.392,0.196-0.583,0.3c-0.013,0.009-0.031,0.013-0.043,0.021c-0.144,0.078-0.274,0.178-0.422,0.261 c-0.174,0.1-0.339,0.209-0.509,0.309c-0.369,0.222-0.743,0.435-1.1,0.67c-0.174,0.113-0.353,0.226-0.522,0.343 c-0.3,0.205-0.574,0.426-0.861,0.639c-0.37,0.274-0.743,0.535-1.1,0.826c-0.144,0.117-0.287,0.23-0.431,0.348 c-0.313,0.266-0.609,0.543-0.913,0.822c-0.313,0.278-0.626,0.556-0.926,0.852c-0.122,0.117-0.239,0.235-0.361,0.356 c-0.326,0.331-0.63,0.679-0.939,1.022c-0.248,0.274-0.504,0.543-0.739,0.831c-0.113,0.13-0.227,0.27-0.335,0.404 c-0.322,0.399-0.622,0.813-0.917,1.222c-0.191,0.256-0.387,0.5-0.565,0.765c-0.113,0.157-0.218,0.322-0.322,0.483 c-0.278,0.422-0.53,0.856-0.782,1.283c-0.078,0.13-0.156,0.256-0.235,0.387c-0.078,0.144-0.174,0.266-0.252,0.409l-0.052,0.091 c-0.035,0.065-0.069,0.131-0.104,0.196L16.864,809.11c-0.004,0.004-0.008,0.013-0.008,0.021c-1.322,2.387-2.309,4.974-2.965,7.695 c-0.587,2.418-0.9,4.861-0.905,7.296c0,0.013,0,0.026,0,0.039c0,148.932,121.162,270.094,270.092,270.094 c148.925,0,270.086-121.162,270.086-270.094c0-0.013-0.004-0.026-0.004-0.039c0-2.435-0.313-4.878-0.9-7.296 c-0.657-2.722-1.648-5.309-2.965-7.695c-0.004-0.009-0.004-0.017-0.004-0.017L335.862,422.336h532.974v933.441 c0,3.356,0.548,6.582,1.53,9.617c-116.218,12.348-208.584,96.527-226.327,205.889H434.676c-17.212,0-31.165,13.947-31.165,31.164 v156.36c0,17.208,13.952,31.164,31.165,31.164h930.643c17.213,0,31.164-13.956,31.164-31.164v-156.36 c0-17.217-13.951-31.164-31.164-31.164h-209.362c-17.747-109.361-110.109-193.533-226.323-205.889 c0.982-3.035,1.53-6.261,1.53-9.617V422.336h532.974L1250.715,809.11c0,0-0.005,0.013-0.009,0.021 c-1.317,2.387-2.309,4.974-2.965,7.695c-0.587,2.418-0.9,4.861-0.9,7.296c0,0.013-0.004,0.026-0.004,0.039 c0,148.932,121.161,270.094,270.086,270.094c148.931,0,270.092-121.162,270.092-270.094c0-0.013,0-0.026,0-0.039 C1787.01,821.688,1786.697,819.245,1786.11,816.827z M283.072,455.679l186.133,337.319H96.939L283.072,455.679z M283.077,1031.927 c-103.975,0-190.355-76.763-205.433-176.601h410.86C473.427,955.164,387.047,1031.927,283.077,1031.927z M851.245,121.103 c0-26.877,21.869-48.746,48.746-48.746c26.878,0,48.746,21.869,48.746,48.746c0,26.882-21.868,48.755-48.746,48.755 C873.114,169.857,851.245,147.984,851.245,121.103z M1334.155,1727.643H465.84v-94.031h206.333h455.65h206.332V1727.643z M1092.567,1571.283H707.428c18.704-83.589,97.532-145.187,192.567-145.187S1073.859,1487.694,1092.567,1571.283z M1703.061,792.998 h-372.266l186.133-337.319L1703.061,792.998z M1516.923,1031.927c-103.97,0-190.35-76.763-205.428-176.601h410.86 C1707.278,955.164,1620.898,1031.927,1516.923,1031.927z\"><\/path><\/svg><\/span><\/div>\n\n\n\n<h3 id=\"wp-block-themeisle-blocks-advanced-heading-2ec6c5e2\" class=\"wp-block-themeisle-blocks-advanced-heading wp-block-themeisle-blocks-advanced-heading-2ec6c5e2\">Derecho Penal Econ\u00f3mico<\/h3>\n\n\n\n<p class=\"has-text-align-center has-white-color has-text-color\">Tiene como objetivo preservar la integridad del sistema econ\u00f3mico, garantizando la legalidad y la transparencia en las transacciones financieras y comerciales. Esta centrado en la penalizaci\u00f3n de conductas como fraude, corrupci\u00f3n, lavado de dinero, evasi\u00f3n fiscal y otros delitos de car\u00e1cter econ\u00f3mico.&nbsp;<\/p>\n\n\n\n<div class=\"wp-block-buttons is-content-justification-center is-layout-flex wp-container-core-buttons-layout-3 wp-block-buttons-is-layout-flex\"><\/div>\n<\/div>\n<\/div><\/section>\n\n\n\n<div style=\"height:20px\" aria-hidden=\"true\" class=\"wp-block-spacer\"><\/div>\n<\/div>\n<\/div><\/section>\n\n\n\n<h2 class=\"wp-block-heading alignwide\"><strong>\u00daltimas Noticias<\/strong><\/h2>\n\n\n\n<figure class=\"wp-block-embed alignwide is-type-video is-provider-youtube wp-block-embed-youtube wp-embed-aspect-16-9 wp-has-aspect-ratio\"><div class=\"wp-block-embed__wrapper\">\n<div class=\"nv-iframe-embed\"><iframe loading=\"lazy\" title=\"Causa Generaci\u00f3n Zoe  piden elevar a juicio la causa contra Cositorto\" width=\"1200\" height=\"675\" src=\"https:\/\/www.youtube.com\/embed\/NNOCmRgr3hc?feature=oembed\" frameborder=\"0\" allow=\"accelerometer; autoplay; clipboard-write; encrypted-media; gyroscope; picture-in-picture; web-share\" allowfullscreen><\/iframe><\/div>\n<\/div><figcaption class=\"wp-element-caption\">Causa Generaci\u00f3n Zoe piden elevar a juicio la causa contra Cositorto &#8211; Fuente: Telefe C\u00f3rdoba (14\/02\/2024)<\/figcaption><\/figure>\n\n\n\n<div style=\"height:100px\" aria-hidden=\"true\" class=\"wp-block-spacer\"><\/div>\n\n\n\n<h2 class=\"wp-block-heading alignwide\">Nuestras Causas<\/h2>\n\n\n\n<div class=\"wp-block-query is-layout-flow wp-block-query-is-layout-flow\"><ul class=\"alignwide wp-block-post-template is-layout-flow wp-block-post-template-is-layout-flow\"><li class=\"wp-block-post post-545 post type-post status-publish format-standard has-post-thumbnail hentry category-sin-categoria\">\n\n<div class=\"wp-block-columns alignwide is-layout-flex wp-container-core-columns-layout-3 wp-block-columns-is-layout-flex\">\n<div class=\"wp-block-column is-layout-flow wp-block-column-is-layout-flow\" style=\"flex-basis:66.66%\"><figure class=\"wp-block-post-featured-image\"><a href=\"https:\/\/guillermodragotto.com\/?p=545\" target=\"_self\"  ><img loading=\"lazy\" decoding=\"async\" width=\"745\" height=\"420\" src=\"https:\/\/guillermodragotto.com\/wp-content\/uploads\/2024\/02\/cositorto-foto.webp\" class=\"attachment-post-thumbnail size-post-thumbnail wp-post-image\" alt=\"Generaci\u00f3n Zoe: Los abogados se opondr\u00e1n al pedido del Ministerio P\u00fablico Fiscal\" style=\"object-fit:cover;\" srcset=\"https:\/\/guillermodragotto.com\/wp-content\/uploads\/2024\/02\/cositorto-foto.webp 745w, https:\/\/guillermodragotto.com\/wp-content\/uploads\/2024\/02\/cositorto-foto-300x169.webp 300w\" sizes=\"(max-width: 745px) 100vw, 745px\" \/><\/a><\/figure><\/div>\n\n\n\n<div class=\"wp-block-column is-layout-flow wp-block-column-is-layout-flow\" style=\"flex-basis:33.33%\"><h3 class=\"wp-block-post-title\"><a href=\"https:\/\/guillermodragotto.com\/?p=545\" target=\"_self\" >Generaci\u00f3n Zoe: Los abogados se opondr\u00e1n al pedido del Ministerio P\u00fablico Fiscal<\/a><\/h3>\n\n<div class=\"wp-block-post-excerpt\"><p class=\"wp-block-post-excerpt__excerpt\">El Ministerio P\u00fablico Fiscal de Villa Mar\u00eda pidi\u00f3 la elevaci\u00f3n a juicio de la causa donde se investiga una millonaria estafa piramidal que tiene a Leonardo Cositorto, CEO de la empresa Generaci\u00f3n Zoe, como principal acusado. As\u00ed lo confirm\u00f3 a LA NACI\u00d3N la fiscal Juliana Company, a cargo de la investigaci\u00f3n. La causa tiene 26&hellip;&nbsp;Leer&hellip; <\/p><\/div><\/div>\n<\/div>\n\n<\/li><li class=\"wp-block-post post-535 post type-post status-publish format-standard has-post-thumbnail hentry category-sin-categoria\">\n\n<div class=\"wp-block-columns alignwide is-layout-flex wp-container-core-columns-layout-4 wp-block-columns-is-layout-flex\">\n<div class=\"wp-block-column is-layout-flow wp-block-column-is-layout-flow\" style=\"flex-basis:66.66%\"><figure class=\"wp-block-post-featured-image\"><a href=\"https:\/\/guillermodragotto.com\/?p=535\" target=\"_self\"  ><img loading=\"lazy\" decoding=\"async\" width=\"880\" height=\"493\" src=\"https:\/\/guillermodragotto.com\/wp-content\/uploads\/2024\/02\/cositorto-charla.webp\" class=\"attachment-post-thumbnail size-post-thumbnail wp-post-image\" alt=\"Generaci\u00f3n Zoe: Leonardo Cositorto volvi\u00f3 a declarar en Villa Mar\u00eda por nuevas denuncias\" style=\"object-fit:cover;\" srcset=\"https:\/\/guillermodragotto.com\/wp-content\/uploads\/2024\/02\/cositorto-charla.webp 880w, https:\/\/guillermodragotto.com\/wp-content\/uploads\/2024\/02\/cositorto-charla-300x168.webp 300w, https:\/\/guillermodragotto.com\/wp-content\/uploads\/2024\/02\/cositorto-charla-768x430.webp 768w\" sizes=\"(max-width: 880px) 100vw, 880px\" \/><\/a><\/figure><\/div>\n\n\n\n<div class=\"wp-block-column is-layout-flow wp-block-column-is-layout-flow\" style=\"flex-basis:33.33%\"><h3 class=\"wp-block-post-title\"><a href=\"https:\/\/guillermodragotto.com\/?p=535\" target=\"_self\" >Generaci\u00f3n Zoe: Leonardo Cositorto volvi\u00f3 a declarar en Villa Mar\u00eda por nuevas denuncias<\/a><\/h3>\n\n<div class=\"wp-block-post-excerpt\"><p class=\"wp-block-post-excerpt__excerpt\">Fue citado por la fiscal Companys a ra\u00edz de las detenciones de supuestos representantes de sucursales de C\u00f3rdoba, Carlos Paz y San Francisco. Pasadas las 9 de este martes 13, Leonardo Cositorto arrib\u00f3 al edificio de Tribunales de Villa Mar\u00eda junto a su abogado Guillermo Dragotto para volver a declarar frente a la fiscal de&hellip;&nbsp;Leer&hellip; <\/p><\/div><\/div>\n<\/div>\n\n<\/li><li class=\"wp-block-post post-538 post type-post status-publish format-standard has-post-thumbnail hentry category-sin-categoria\">\n\n<div class=\"wp-block-columns alignwide is-layout-flex wp-container-core-columns-layout-5 wp-block-columns-is-layout-flex\">\n<div class=\"wp-block-column is-layout-flow wp-block-column-is-layout-flow\" style=\"flex-basis:66.66%\"><figure class=\"wp-block-post-featured-image\"><a href=\"https:\/\/guillermodragotto.com\/?p=538\" target=\"_self\"  ><img loading=\"lazy\" decoding=\"async\" width=\"1252\" height=\"946\" src=\"https:\/\/guillermodragotto.com\/wp-content\/uploads\/2022\/04\/Captura-de-Pantalla-2024-02-22-a-las-15.44.30.png\" class=\"attachment-post-thumbnail size-post-thumbnail wp-post-image\" alt=\"Causa Generaci\u00f3n Zoe\" style=\"object-fit:cover;\" srcset=\"https:\/\/guillermodragotto.com\/wp-content\/uploads\/2022\/04\/Captura-de-Pantalla-2024-02-22-a-las-15.44.30.png 1252w, https:\/\/guillermodragotto.com\/wp-content\/uploads\/2022\/04\/Captura-de-Pantalla-2024-02-22-a-las-15.44.30-300x227.png 300w, https:\/\/guillermodragotto.com\/wp-content\/uploads\/2022\/04\/Captura-de-Pantalla-2024-02-22-a-las-15.44.30-1024x774.png 1024w, https:\/\/guillermodragotto.com\/wp-content\/uploads\/2022\/04\/Captura-de-Pantalla-2024-02-22-a-las-15.44.30-768x580.png 768w\" sizes=\"(max-width: 1252px) 100vw, 1252px\" \/><\/a><\/figure><\/div>\n\n\n\n<div class=\"wp-block-column is-layout-flow wp-block-column-is-layout-flow\" style=\"flex-basis:33.33%\"><h3 class=\"wp-block-post-title\"><a href=\"https:\/\/guillermodragotto.com\/?p=538\" target=\"_self\" >Causa Generaci\u00f3n Zoe<\/a><\/h3>\n\n<div class=\"wp-block-post-excerpt\"><p class=\"wp-block-post-excerpt__excerpt\">Leonardo Cositorto compareci\u00f3 este lunes ante la Justicia. Su abogado, Guillermo Dragotto, adelant\u00f3 que el empresario responder\u00e1 preguntas. Leonardo Cositorto comenz\u00f3 a ser indagado por la Fiscal\u00eda de Villa Mar\u00eda, a cargo de Juliana Companys. El CEO de Generaci\u00f3n Zoe, que desde el 11 de abril se encuentra detenido en la c\u00e1rcel cordobesa de Bouwer,&hellip;&nbsp;Leer&hellip; <\/p><\/div><\/div>\n<\/div>\n\n<\/li><\/ul><\/div>\n","protected":false},"excerpt":{"rendered":"<p>Estudio Jur\u00eddico Penalista \u00daltimas Noticias Nuestras Causas<\/p>\n","protected":false},"author":1,"featured_media":0,"parent":0,"menu_order":0,"comment_status":"closed","ping_status":"closed","template":"page-templates\/template-pagebuilder-full-width.php","meta":{"neve_meta_sidebar":"full-width","neve_meta_container":"contained","neve_meta_enable_content_width":"on","neve_meta_content_width":100,"neve_meta_title_alignment":"","neve_meta_author_avatar":"","neve_post_elements_order":"","neve_meta_disable_header":"","neve_meta_disable_footer":"","neve_meta_disable_title":"on","_themeisle_gutenberg_block_has_review":false,"_ti_tpc_template_sync":false,"_ti_tpc_template_id":"u1zspuj4zbxd5v3eng92","footnotes":""},"_links":{"self":[{"href":"https:\/\/guillermodragotto.com\/index.php?rest_route=\/wp\/v2\/pages\/142"}],"collection":[{"href":"https:\/\/guillermodragotto.com\/index.php?rest_route=\/wp\/v2\/pages"}],"about":[{"href":"https:\/\/guillermodragotto.com\/index.php?rest_route=\/wp\/v2\/types\/page"}],"author":[{"embeddable":true,"href":"https:\/\/guillermodragotto.com\/index.php?rest_route=\/wp\/v2\/users\/1"}],"replies":[{"embeddable":true,"href":"https:\/\/guillermodragotto.com\/index.php?rest_route=%2Fwp%2Fv2%2Fcomments&post=142"}],"version-history":[{"count":100,"href":"https:\/\/guillermodragotto.com\/index.php?rest_route=\/wp\/v2\/pages\/142\/revisions"}],"predecessor-version":[{"id":575,"href":"https:\/\/guillermodragotto.com\/index.php?rest_route=\/wp\/v2\/pages\/142\/revisions\/575"}],"wp:attachment":[{"href":"https:\/\/guillermodragotto.com\/index.php?rest_route=%2Fwp%2Fv2%2Fmedia&parent=142"}],"curies":[{"name":"wp","href":"https:\/\/api.w.org\/{rel}","templated":true}]}}